{"id":6436,"date":"2022-02-02T10:21:43","date_gmt":"2022-02-02T10:21:43","guid":{"rendered":"http:\/\/cscestran.fr\/?page_id=6436"},"modified":"2024-03-01T09:40:05","modified_gmt":"2024-03-01T09:40:05","slug":"secteur-petite-enfance","status":"publish","type":"page","link":"https:\/\/cscestran.fr\/?page_id=6436","title":{"rendered":"Secteur Petite Enfance"},"content":{"rendered":"<div data-colibri-id=\"6436-c1\" class=\"style-926 style-local-6436-c1 position-relative\">\n  <!---->\n  <div data-colibri-component=\"section\" data-colibri-id=\"6436-c2\" id=\"custom\" class=\"h-section h-section-global-spacing d-flex align-items-lg-center align-items-md-center align-items-center style-927 style-local-6436-c2 position-relative\">\n    <!---->\n    <!---->\n    <div class=\"h-section-grid-container h-section-boxed-container\">\n      <!---->\n      <div data-colibri-id=\"6436-c3\" class=\"h-row-container gutters-row-lg-2 gutters-row-md-2 gutters-row-0 gutters-row-v-lg-2 gutters-row-v-md-2 gutters-row-v-2 style-928 style-local-6436-c3 position-relative\">\n        <!---->\n        <div class=\"h-row justify-content-lg-center justify-content-md-center justify-content-center align-items-lg-stretch align-items-md-stretch align-items-stretch gutters-col-lg-2 gutters-col-md-2 gutters-col-0 gutters-col-v-lg-2 gutters-col-v-md-2 gutters-col-v-2\">\n          <!---->\n          <div class=\"h-column h-column-container d-flex h-col-lg-auto h-col-md-auto h-col-auto style-929-outer style-local-6436-c4-outer\">\n            <div data-colibri-id=\"6436-c4\" class=\"d-flex h-flex-basis h-column__inner h-px-lg-2 h-px-md-2 h-px-2 v-inner-lg-2 v-inner-md-2 v-inner-2 style-929 style-local-6436-c4 position-relative\">\n              <!---->\n              <!---->\n              <div class=\"w-100 h-y-container h-column__content h-column__v-align flex-basis-100 align-self-lg-start align-self-md-start align-self-start\">\n                <!---->\n                <div data-colibri-id=\"6436-c5\" class=\"h-global-transition-all h-heading style-930 style-local-6436-c5 position-relative h-element\">\n                  <!---->\n                  <div class=\"h-heading__outer style-930 style-local-6436-c5\">\n                    <!---->\n                    <!---->\n                    <h1 class=\"\">Le multi accueil Premiers Pas&nbsp;<\/h1>\n                  <\/div>\n                <\/div>\n                <div data-colibri-id=\"6436-c6\" class=\"h-text h-text-component style-931 style-local-6436-c6 position-relative h-element\">\n                  <!---->\n                  <!---->\n                  <div class=\"\">\n                    <h3>\n                      <br>\n                    <\/h3>\n                    <ul>\n                      <li>C&rsquo;est un espace \u00e9ducatif encadr\u00e9 par une \u00e9quipe de professionnelles ( Educatrices de jeunes enfants, Auxiliaires de pu\u00e9riculture, Animatrices Petite Enfance).<\/li>\n                      <li>Elles veillent \u00e0 respecter le rythme des enfants, rassurent leurs parents, proposent diff\u00e9rentes activit\u00e9s adapt\u00e9es pour les loulous mais \u00e9galement des activit\u00e9s \u00e0 r\u00e9aliser en famille.<\/li>\n                      <li>Grande Nouveaut\u00e9, la mise en place de passerelles avec les \u00e9coles maternelles de Grand Fort Philippe.<\/li>\n                    <\/ul>\n                    <p>\n                      <br>\n                    <\/p>\n                    <ul>\n                      <li>Il propose diff\u00e9rents modes d&rsquo;accueil pour les enfants de moins de 4 ans:<\/li>\n                      <li>De l&rsquo;accueil r\u00e9gulier pour les enfants de 2 mois et demi \u00e0 3 ans r\u00e9volus inscrits dans un contrat sign\u00e9 entre la famille et la structure car les besoins de modes de garde sont r\u00e9currents et connus \u00e0 l&rsquo;avance.&nbsp;<\/li>\n                      <li>De l&rsquo;accueil occasionnel pour les enfants de 3 mois \u00e0 3 ans r\u00e9volus. L&rsquo;accueil est ponctuel, les besoins ne sont pas r\u00e9currents, la r\u00e9servation de la place se fait d&rsquo;une semaine sur l&rsquo;autre. (Le lundi pour la semaine suivante).&nbsp;<\/li>\n                    <\/ul>\n                    <p>\n                      <br>\n                    <\/p>\n                    <ul>\n                      <li>Les horaires d&rsquo;ouverture du multi accueil sont :&nbsp;<\/li>\n                      <li>De 08h30 \u00e0 11h30 et de 13h30 \u00e0 17h30<\/li>\n                      <li>De 08h30 \u00e0 17h30 si repas (en fonction des places disponibles)<\/li>\n                    <\/ul>\n                    <p>\n                      <br>\n                    <\/p>\n                    <p>&nbsp;&nbsp;&nbsp;&nbsp;&nbsp;Tarifs selon les revenus. <\/p>\n                    <p>&nbsp; &nbsp; &nbsp;Plus de renseignements au :<\/p>\n                    <p>&nbsp;&nbsp;&nbsp;&nbsp;&nbsp;&nbsp;&nbsp;&nbsp;&nbsp;T\u00e9l : 09.74.97.25.23<\/p>\n                    <p>\n                      <br>\n                    <\/p>\n                    <p>\n                      <br>\n                    <\/p>\n                  <\/div>\n                <\/div>\n              <\/div>\n            <\/div>\n          <\/div>\n        <\/div>\n      <\/div>\n    <\/div>\n  <\/div>\n  <div data-colibri-component=\"section\" data-colibri-id=\"6436-c7\" id=\"custom-2\" class=\"h-section h-section-global-spacing d-flex align-items-lg-center align-items-md-center align-items-center style-1447 style-local-6436-c7 position-relative\">\n    <!---->\n    <!---->\n    <div class=\"h-section-grid-container h-section-boxed-container\">\n      <!---->\n      <div data-colibri-id=\"6436-c8\" class=\"h-row-container gutters-row-lg-2 gutters-row-md-2 gutters-row-0 gutters-row-v-lg-2 gutters-row-v-md-2 gutters-row-v-2 style-1448 style-local-6436-c8 position-relative\">\n        <!---->\n        <div class=\"h-row justify-content-lg-center justify-content-md-center justify-content-center align-items-lg-stretch align-items-md-stretch align-items-stretch gutters-col-lg-2 gutters-col-md-2 gutters-col-0 gutters-col-v-lg-2 gutters-col-v-md-2 gutters-col-v-2\">\n          <!---->\n          <div class=\"h-column h-column-container d-flex h-col-lg-auto h-col-md-auto h-col-auto style-1449-outer style-local-6436-c9-outer\">\n            <div data-colibri-id=\"6436-c9\" class=\"d-flex h-flex-basis h-column__inner h-px-lg-2 h-px-md-2 h-px-2 v-inner-lg-2 v-inner-md-2 v-inner-2 style-1449 style-local-6436-c9 position-relative\">\n              <!---->\n              <!---->\n              <div class=\"w-100 h-y-container h-column__content h-column__v-align flex-basis-100 align-self-lg-start align-self-md-start align-self-start\">\n                <!---->\n                <div data-colibri-id=\"6436-c10\" class=\"d-block style-1452 style-local-6436-c10 position-relative h-element\">\n                  <!---->\n                  <div class=\"h-image__frame-container-outer\">\n                    <div class=\"h-image__frame-container\">\n                      <!---->\n                      <!---->\n                      <img loading=\"lazy\" decoding=\"async\" width=\"1180\" height=\"1180\" src=\"https:\/\/cscestran.fr\/wp-content\/uploads\/2024\/03\/cropped-IMG_20240221_115323-scaled-1.jpg\" class=\"wp-image-8422 style-1452-image style-local-6436-c10-image\" alt=\"\" srcset=\"https:\/\/cscestran.fr\/wp-content\/uploads\/2024\/03\/cropped-IMG_20240221_115323-scaled-1.jpg 1180w, https:\/\/cscestran.fr\/wp-content\/uploads\/2024\/03\/cropped-IMG_20240221_115323-scaled-1-300x300.jpg 300w, https:\/\/cscestran.fr\/wp-content\/uploads\/2024\/03\/cropped-IMG_20240221_115323-scaled-1-1024x1024.jpg 1024w, https:\/\/cscestran.fr\/wp-content\/uploads\/2024\/03\/cropped-IMG_20240221_115323-scaled-1-150x150.jpg 150w, https:\/\/cscestran.fr\/wp-content\/uploads\/2024\/03\/cropped-IMG_20240221_115323-scaled-1-768x768.jpg 768w\" sizes=\"auto, (max-width: 1180px) 100vw, 1180px\" \/>\n                      <div class=\"h-image__frame h-hide-lg h-hide-md h-hide-sm style-1452-frameImage style-local-6436-c10-frameImage\"><\/div>\n                    <\/div>\n                  <\/div>\n                <\/div>\n              <\/div>\n            <\/div>\n          <\/div>\n          <div class=\"h-column h-column-container d-flex h-col-lg-auto h-col-md-auto h-col-auto style-1450-outer style-local-6436-c11-outer\">\n            <div data-colibri-id=\"6436-c11\" class=\"d-flex h-flex-basis h-column__inner h-px-lg-2 h-px-md-2 h-px-2 v-inner-lg-2 v-inner-md-2 v-inner-2 style-1450 style-local-6436-c11 position-relative\">\n              <!---->\n              <!---->\n              <div class=\"w-100 h-y-container h-column__content h-column__v-align flex-basis-100 align-self-lg-start align-self-md-start align-self-start\">\n                <!---->\n                <div data-colibri-id=\"6436-c12\" class=\"d-block style-1458 style-local-6436-c12 position-relative h-element\">\n                  <!---->\n                  <div class=\"h-image__frame-container-outer\">\n                    <div class=\"h-image__frame-container\">\n                      <!---->\n                      <!---->\n                      <img loading=\"lazy\" decoding=\"async\" width=\"787\" height=\"787\" src=\"https:\/\/cscestran.fr\/wp-content\/uploads\/2023\/05\/cropped-341153495_650063500263012_4805375377202872490_n-1.jpg\" class=\"wp-image-8427 style-1458-image style-local-6436-c12-image\" alt=\"\" srcset=\"https:\/\/cscestran.fr\/wp-content\/uploads\/2023\/05\/cropped-341153495_650063500263012_4805375377202872490_n-1.jpg 787w, https:\/\/cscestran.fr\/wp-content\/uploads\/2023\/05\/cropped-341153495_650063500263012_4805375377202872490_n-1-300x300.jpg 300w, https:\/\/cscestran.fr\/wp-content\/uploads\/2023\/05\/cropped-341153495_650063500263012_4805375377202872490_n-1-150x150.jpg 150w, https:\/\/cscestran.fr\/wp-content\/uploads\/2023\/05\/cropped-341153495_650063500263012_4805375377202872490_n-1-768x768.jpg 768w\" sizes=\"auto, (max-width: 787px) 100vw, 787px\" \/>\n                      <div class=\"h-image__frame h-hide-lg h-hide-md h-hide-sm style-1458-frameImage style-local-6436-c12-frameImage\"><\/div>\n                    <\/div>\n                  <\/div>\n                <\/div>\n              <\/div>\n            <\/div>\n          <\/div>\n          <div class=\"h-column h-column-container d-flex h-col-lg-auto h-col-md-auto h-col-auto style-1451-outer style-local-6436-c13-outer\">\n            <div data-colibri-id=\"6436-c13\" class=\"d-flex h-flex-basis h-column__inner h-px-lg-2 h-px-md-2 h-px-2 v-inner-lg-2 v-inner-md-2 v-inner-2 style-1451 style-local-6436-c13 position-relative\">\n              <!---->\n              <!---->\n              <div class=\"w-100 h-y-container h-column__content h-column__v-align flex-basis-100 align-self-lg-start align-self-md-start align-self-start\">\n                <!---->\n                <div data-colibri-id=\"6436-c14\" class=\"d-block style-1454 style-local-6436-c14 position-relative h-element\">\n                  <!---->\n                  <div class=\"h-image__frame-container-outer\">\n                    <div class=\"h-image__frame-container\">\n                      <!---->\n                      <!---->\n                      <img loading=\"lazy\" decoding=\"async\" width=\"1919\" height=\"1919\" src=\"https:\/\/cscestran.fr\/wp-content\/uploads\/2022\/04\/cropped-IMG_20210614_173654-scaled-2.jpg\" class=\"wp-image-8425 style-1454-image style-local-6436-c14-image\" alt=\"\" srcset=\"https:\/\/cscestran.fr\/wp-content\/uploads\/2022\/04\/cropped-IMG_20210614_173654-scaled-2.jpg 1919w, https:\/\/cscestran.fr\/wp-content\/uploads\/2022\/04\/cropped-IMG_20210614_173654-scaled-2-300x300.jpg 300w, https:\/\/cscestran.fr\/wp-content\/uploads\/2022\/04\/cropped-IMG_20210614_173654-scaled-2-1024x1024.jpg 1024w, https:\/\/cscestran.fr\/wp-content\/uploads\/2022\/04\/cropped-IMG_20210614_173654-scaled-2-150x150.jpg 150w, https:\/\/cscestran.fr\/wp-content\/uploads\/2022\/04\/cropped-IMG_20210614_173654-scaled-2-768x768.jpg 768w, https:\/\/cscestran.fr\/wp-content\/uploads\/2022\/04\/cropped-IMG_20210614_173654-scaled-2-1536x1536.jpg 1536w\" sizes=\"auto, (max-width: 1919px) 100vw, 1919px\" \/>\n                      <div class=\"h-image__frame h-hide-lg h-hide-md h-hide-sm style-1454-frameImage style-local-6436-c14-frameImage\"><\/div>\n                    <\/div>\n                  <\/div>\n                <\/div>\n              <\/div>\n            <\/div>\n          <\/div>\n        <\/div>\n      <\/div>\n      <div data-colibri-id=\"6436-c15\" class=\"h-row-container gutters-row-lg-2 gutters-row-md-2 gutters-row-0 gutters-row-v-lg-2 gutters-row-v-md-2 gutters-row-v-2 style-1456 style-local-6436-c15 position-relative\">\n        <!---->\n        <div class=\"h-row justify-content-lg-center justify-content-md-center justify-content-center align-items-lg-stretch align-items-md-stretch align-items-stretch gutters-col-lg-2 gutters-col-md-2 gutters-col-0 gutters-col-v-lg-2 gutters-col-v-md-2 gutters-col-v-2\">\n          <!---->\n          <div class=\"h-column h-column-container d-flex h-col-lg-auto h-col-md-auto h-col-auto style-1457-outer style-local-6436-c16-outer\">\n            <div data-colibri-id=\"6436-c16\" class=\"d-flex h-flex-basis h-column__inner h-ui-empty-state-container h-px-lg-2 h-px-md-2 h-px-2 v-inner-lg-2 v-inner-md-2 v-inner-2 style-1457 style-local-6436-c16 position-relative\">\n              <!---->\n              <!---->\n              <div class=\"w-100 h-y-container h-column__content h-column__v-align flex-basis-100\">\n                <!---->\n              <\/div>\n            <\/div>\n          <\/div>\n        <\/div>\n      <\/div>\n    <\/div>\n  <\/div>\n<\/div>","protected":false},"excerpt":{"rendered":"<p>Le multi accueil Premiers Pas&nbsp; C&rsquo;est un espace \u00e9ducatif encadr\u00e9 par une \u00e9quipe de professionnelles ( Educatrices de jeunes enfants, Auxiliaires de pu\u00e9riculture, Animatrices Petite Enfance). Elles veillent \u00e0 respecter le rythme des enfants, rassurent leurs parents, proposent diff\u00e9rentes activit\u00e9s adapt\u00e9es pour les loulous mais \u00e9galement des activit\u00e9s \u00e0 r\u00e9aliser en famille. Grande Nouveaut\u00e9, la [&hellip;]<\/p>\n","protected":false},"author":1,"featured_media":0,"parent":0,"menu_order":0,"comment_status":"closed","ping_status":"closed","template":"page-templates\/full-width-page.php","meta":{"footnotes":""},"class_list":["post-6436","page","type-page","status-publish","hentry"],"yoast_head":"<!-- This site is optimized with the Yoast SEO plugin v24.9 - https:\/\/yoast.com\/wordpress\/plugins\/seo\/ -->\n<title>Secteur Petite Enfance - Centre Socio-Culturel Coeur de Ville<\/title>\n<meta name=\"robots\" content=\"index, follow, max-snippet:-1, max-image-preview:large, max-video-preview:-1\" \/>\n<link rel=\"canonical\" href=\"https:\/\/cscestran.fr\/?page_id=6436\" \/>\n<meta property=\"og:locale\" content=\"fr_FR\" \/>\n<meta property=\"og:type\" content=\"article\" \/>\n<meta property=\"og:title\" content=\"Secteur Petite Enfance - Centre Socio-Culturel Coeur de Ville\" \/>\n<meta property=\"og:description\" content=\"Le multi accueil Premiers Pas&nbsp; C&rsquo;est un espace \u00e9ducatif encadr\u00e9 par une \u00e9quipe de professionnelles ( Educatrices de jeunes enfants, Auxiliaires de pu\u00e9riculture, Animatrices Petite Enfance). Elles veillent \u00e0 respecter le rythme des enfants, rassurent leurs parents, proposent diff\u00e9rentes activit\u00e9s adapt\u00e9es pour les loulous mais \u00e9galement des activit\u00e9s \u00e0 r\u00e9aliser en famille. Grande Nouveaut\u00e9, la [&hellip;]\" \/>\n<meta property=\"og:url\" content=\"https:\/\/cscestran.fr\/?page_id=6436\" \/>\n<meta property=\"og:site_name\" content=\"Centre Socio-Culturel Coeur de Ville\" \/>\n<meta property=\"article:modified_time\" content=\"2024-03-01T09:40:05+00:00\" \/>\n<meta property=\"og:image\" content=\"https:\/\/cscestran.fr\/wp-content\/uploads\/2024\/03\/cropped-IMG_20240221_115323-scaled-1.jpg\" \/>\n<meta name=\"twitter:card\" content=\"summary_large_image\" \/>\n<meta name=\"twitter:label1\" content=\"Dur\u00e9e de lecture estim\u00e9e\" \/>\n\t<meta name=\"twitter:data1\" content=\"2 minutes\" \/>\n<script type=\"application\/ld+json\" class=\"yoast-schema-graph\">{\"@context\":\"https:\/\/schema.org\",\"@graph\":[{\"@type\":\"WebPage\",\"@id\":\"https:\/\/cscestran.fr\/?page_id=6436\",\"url\":\"https:\/\/cscestran.fr\/?page_id=6436\",\"name\":\"Secteur Petite Enfance - Centre Socio-Culturel Coeur de Ville\",\"isPartOf\":{\"@id\":\"https:\/\/cscestran.fr\/#website\"},\"primaryImageOfPage\":{\"@id\":\"https:\/\/cscestran.fr\/?page_id=6436#primaryimage\"},\"image\":{\"@id\":\"https:\/\/cscestran.fr\/?page_id=6436#primaryimage\"},\"thumbnailUrl\":\"https:\/\/cscestran.fr\/wp-content\/uploads\/2024\/03\/cropped-IMG_20240221_115323-scaled-1.jpg\",\"datePublished\":\"2022-02-02T10:21:43+00:00\",\"dateModified\":\"2024-03-01T09:40:05+00:00\",\"breadcrumb\":{\"@id\":\"https:\/\/cscestran.fr\/?page_id=6436#breadcrumb\"},\"inLanguage\":\"fr-FR\",\"potentialAction\":[{\"@type\":\"ReadAction\",\"target\":[\"https:\/\/cscestran.fr\/?page_id=6436\"]}]},{\"@type\":\"ImageObject\",\"inLanguage\":\"fr-FR\",\"@id\":\"https:\/\/cscestran.fr\/?page_id=6436#primaryimage\",\"url\":\"https:\/\/cscestran.fr\/wp-content\/uploads\/2024\/03\/cropped-IMG_20240221_115323-scaled-1.jpg\",\"contentUrl\":\"https:\/\/cscestran.fr\/wp-content\/uploads\/2024\/03\/cropped-IMG_20240221_115323-scaled-1.jpg\",\"width\":1180,\"height\":1180},{\"@type\":\"BreadcrumbList\",\"@id\":\"https:\/\/cscestran.fr\/?page_id=6436#breadcrumb\",\"itemListElement\":[{\"@type\":\"ListItem\",\"position\":1,\"name\":\"Accueil\",\"item\":\"https:\/\/cscestran.fr\/\"},{\"@type\":\"ListItem\",\"position\":2,\"name\":\"Secteur Petite Enfance\"}]},{\"@type\":\"WebSite\",\"@id\":\"https:\/\/cscestran.fr\/#website\",\"url\":\"https:\/\/cscestran.fr\/\",\"name\":\"Centre Socio-Culturel Coeur de Ville\",\"description\":\"\",\"publisher\":{\"@id\":\"https:\/\/cscestran.fr\/#organization\"},\"potentialAction\":[{\"@type\":\"SearchAction\",\"target\":{\"@type\":\"EntryPoint\",\"urlTemplate\":\"https:\/\/cscestran.fr\/?s={search_term_string}\"},\"query-input\":{\"@type\":\"PropertyValueSpecification\",\"valueRequired\":true,\"valueName\":\"search_term_string\"}}],\"inLanguage\":\"fr-FR\"},{\"@type\":\"Organization\",\"@id\":\"https:\/\/cscestran.fr\/#organization\",\"name\":\"Centre Socio-Culturel Coeur de Ville\",\"url\":\"https:\/\/cscestran.fr\/\",\"logo\":{\"@type\":\"ImageObject\",\"inLanguage\":\"fr-FR\",\"@id\":\"https:\/\/cscestran.fr\/#\/schema\/logo\/image\/\",\"url\":\"https:\/\/cscestran.fr\/wp-content\/uploads\/2024\/07\/cropped-logo.png\",\"contentUrl\":\"https:\/\/cscestran.fr\/wp-content\/uploads\/2024\/07\/cropped-logo.png\",\"width\":167,\"height\":167,\"caption\":\"Centre Socio-Culturel Coeur de Ville\"},\"image\":{\"@id\":\"https:\/\/cscestran.fr\/#\/schema\/logo\/image\/\"}}]}<\/script>\n<!-- \/ Yoast SEO plugin. -->","yoast_head_json":{"title":"Secteur Petite Enfance - Centre Socio-Culturel Coeur de Ville","robots":{"index":"index","follow":"follow","max-snippet":"max-snippet:-1","max-image-preview":"max-image-preview:large","max-video-preview":"max-video-preview:-1"},"canonical":"https:\/\/cscestran.fr\/?page_id=6436","og_locale":"fr_FR","og_type":"article","og_title":"Secteur Petite Enfance - Centre Socio-Culturel Coeur de Ville","og_description":"Le multi accueil Premiers Pas&nbsp; C&rsquo;est un espace \u00e9ducatif encadr\u00e9 par une \u00e9quipe de professionnelles ( Educatrices de jeunes enfants, Auxiliaires de pu\u00e9riculture, Animatrices Petite Enfance). Elles veillent \u00e0 respecter le rythme des enfants, rassurent leurs parents, proposent diff\u00e9rentes activit\u00e9s adapt\u00e9es pour les loulous mais \u00e9galement des activit\u00e9s \u00e0 r\u00e9aliser en famille. Grande Nouveaut\u00e9, la [&hellip;]","og_url":"https:\/\/cscestran.fr\/?page_id=6436","og_site_name":"Centre Socio-Culturel Coeur de Ville","article_modified_time":"2024-03-01T09:40:05+00:00","og_image":[{"url":"https:\/\/cscestran.fr\/wp-content\/uploads\/2024\/03\/cropped-IMG_20240221_115323-scaled-1.jpg","type":"","width":"","height":""}],"twitter_card":"summary_large_image","twitter_misc":{"Dur\u00e9e de lecture estim\u00e9e":"2 minutes"},"schema":{"@context":"https:\/\/schema.org","@graph":[{"@type":"WebPage","@id":"https:\/\/cscestran.fr\/?page_id=6436","url":"https:\/\/cscestran.fr\/?page_id=6436","name":"Secteur Petite Enfance - Centre Socio-Culturel Coeur de Ville","isPartOf":{"@id":"https:\/\/cscestran.fr\/#website"},"primaryImageOfPage":{"@id":"https:\/\/cscestran.fr\/?page_id=6436#primaryimage"},"image":{"@id":"https:\/\/cscestran.fr\/?page_id=6436#primaryimage"},"thumbnailUrl":"https:\/\/cscestran.fr\/wp-content\/uploads\/2024\/03\/cropped-IMG_20240221_115323-scaled-1.jpg","datePublished":"2022-02-02T10:21:43+00:00","dateModified":"2024-03-01T09:40:05+00:00","breadcrumb":{"@id":"https:\/\/cscestran.fr\/?page_id=6436#breadcrumb"},"inLanguage":"fr-FR","potentialAction":[{"@type":"ReadAction","target":["https:\/\/cscestran.fr\/?page_id=6436"]}]},{"@type":"ImageObject","inLanguage":"fr-FR","@id":"https:\/\/cscestran.fr\/?page_id=6436#primaryimage","url":"https:\/\/cscestran.fr\/wp-content\/uploads\/2024\/03\/cropped-IMG_20240221_115323-scaled-1.jpg","contentUrl":"https:\/\/cscestran.fr\/wp-content\/uploads\/2024\/03\/cropped-IMG_20240221_115323-scaled-1.jpg","width":1180,"height":1180},{"@type":"BreadcrumbList","@id":"https:\/\/cscestran.fr\/?page_id=6436#breadcrumb","itemListElement":[{"@type":"ListItem","position":1,"name":"Accueil","item":"https:\/\/cscestran.fr\/"},{"@type":"ListItem","position":2,"name":"Secteur Petite Enfance"}]},{"@type":"WebSite","@id":"https:\/\/cscestran.fr\/#website","url":"https:\/\/cscestran.fr\/","name":"Centre Socio-Culturel Coeur de Ville","description":"","publisher":{"@id":"https:\/\/cscestran.fr\/#organization"},"potentialAction":[{"@type":"SearchAction","target":{"@type":"EntryPoint","urlTemplate":"https:\/\/cscestran.fr\/?s={search_term_string}"},"query-input":{"@type":"PropertyValueSpecification","valueRequired":true,"valueName":"search_term_string"}}],"inLanguage":"fr-FR"},{"@type":"Organization","@id":"https:\/\/cscestran.fr\/#organization","name":"Centre Socio-Culturel Coeur de Ville","url":"https:\/\/cscestran.fr\/","logo":{"@type":"ImageObject","inLanguage":"fr-FR","@id":"https:\/\/cscestran.fr\/#\/schema\/logo\/image\/","url":"https:\/\/cscestran.fr\/wp-content\/uploads\/2024\/07\/cropped-logo.png","contentUrl":"https:\/\/cscestran.fr\/wp-content\/uploads\/2024\/07\/cropped-logo.png","width":167,"height":167,"caption":"Centre Socio-Culturel Coeur de Ville"},"image":{"@id":"https:\/\/cscestran.fr\/#\/schema\/logo\/image\/"}}]}},"jetpack_likes_enabled":true,"jetpack_sharing_enabled":true,"_links":{"self":[{"href":"https:\/\/cscestran.fr\/index.php?rest_route=\/wp\/v2\/pages\/6436","targetHints":{"allow":["GET"]}}],"collection":[{"href":"https:\/\/cscestran.fr\/index.php?rest_route=\/wp\/v2\/pages"}],"about":[{"href":"https:\/\/cscestran.fr\/index.php?rest_route=\/wp\/v2\/types\/page"}],"author":[{"embeddable":true,"href":"https:\/\/cscestran.fr\/index.php?rest_route=\/wp\/v2\/users\/1"}],"replies":[{"embeddable":true,"href":"https:\/\/cscestran.fr\/index.php?rest_route=%2Fwp%2Fv2%2Fcomments&post=6436"}],"version-history":[{"count":11,"href":"https:\/\/cscestran.fr\/index.php?rest_route=\/wp\/v2\/pages\/6436\/revisions"}],"predecessor-version":[{"id":8445,"href":"https:\/\/cscestran.fr\/index.php?rest_route=\/wp\/v2\/pages\/6436\/revisions\/8445"}],"wp:attachment":[{"href":"https:\/\/cscestran.fr\/index.php?rest_route=%2Fwp%2Fv2%2Fmedia&parent=6436"}],"curies":[{"name":"wp","href":"https:\/\/api.w.org\/{rel}","templated":true}]}}