{"id":6438,"date":"2022-02-02T10:22:03","date_gmt":"2022-02-02T10:22:03","guid":{"rendered":"http:\/\/cscestran.fr\/?page_id=6438"},"modified":"2024-11-26T13:15:53","modified_gmt":"2024-11-26T13:15:53","slug":"secteur-enfance","status":"publish","type":"page","link":"https:\/\/cscestran.fr\/?page_id=6438","title":{"rendered":"Secteur Enfance"},"content":{"rendered":"<div data-colibri-id=\"6438-c1\" class=\"style-900 style-local-6438-c1 position-relative\">\r\n  <!---->\r\n  <div data-colibri-component=\"section\" data-colibri-id=\"6438-c2\" id=\"custom-2\" class=\"h-section h-section-global-spacing d-flex align-items-lg-center align-items-md-center align-items-center style-918 style-local-6438-c2 position-relative\">\r\n    <!---->\r\n    <!---->\r\n    <div class=\"h-section-grid-container h-section-boxed-container\">\r\n      <!---->\r\n      <div data-colibri-id=\"6438-c3\" class=\"h-row-container gutters-row-lg-2 gutters-row-md-2 gutters-row-0 gutters-row-v-lg-2 gutters-row-v-md-2 gutters-row-v-2 style-919 style-local-6438-c3 position-relative\">\r\n        <!---->\r\n        <div class=\"h-row justify-content-lg-center justify-content-md-center justify-content-center align-items-lg-stretch align-items-md-stretch align-items-stretch gutters-col-lg-2 gutters-col-md-2 gutters-col-0 gutters-col-v-lg-2 gutters-col-v-md-2 gutters-col-v-2\">\r\n          <!---->\r\n          <div class=\"h-column h-column-container d-flex h-col-lg-auto h-col-md-auto h-col-auto style-921-outer style-local-6438-c7-outer\">\r\n            <div data-colibri-id=\"6438-c7\" class=\"d-flex h-flex-basis h-column__inner h-px-lg-2 h-px-md-2 h-px-2 v-inner-lg-2 v-inner-md-2 v-inner-2 style-921 style-local-6438-c7 position-relative\">\r\n              <!---->\r\n              <!---->\r\n              <div class=\"w-100 h-y-container h-column__content h-column__v-align flex-basis-100 align-self-lg-start align-self-md-start align-self-start\">\r\n                <!---->\r\n                <div data-colibri-id=\"6438-c8\" class=\"h-global-transition-all h-heading style-924 style-local-6438-c8 position-relative h-element\">\r\n                  <!---->\r\n                  <div class=\"h-heading__outer style-924 style-local-6438-c8\">\r\n                    <!---->\r\n                    <!---->\r\n                    <h1 class=\"\">Les accueils de loisirs&nbsp;<\/h1>\r\n                  <\/div>\r\n                <\/div>\r\n                <div data-colibri-id=\"6438-c9\" class=\"h-text h-text-component style-925 style-local-6438-c9 position-relative h-element\">\r\n                  <!---->\r\n                  <!---->\r\n                  <div class=\"\">\r\n                    <p>Le mercredi c&rsquo;est permis : <\/p>\r\n                    <p>l&rsquo;\u00e9quipe du secteur enfance vous donne rendez-vous chaque mercredi (hors vacances scolaires) pour une journ\u00e9e de folie. Accueil de 09h00 \u00e0 12h00 et de 14h00 \u00e0 17h00.<\/p>\r\n                    <p>Restauration chaude possible de 12h00 \u00e0 14h00. (R\u00e9servation \u00e0 faire avant la veille 11h00).<\/p>\r\n                    <p>Possibilit\u00e9 d&rsquo;un accueil en p\u00e9ricentre de 07h30 \u00e0 09h00<\/p>\r\n                    <p>et de 17h00 \u00e0 18h30.&nbsp;&nbsp;<\/p>\r\n                    <p>\r\n                      <br>\r\n                    <\/p>\r\n                  <\/div>\r\n                <\/div>\r\n              <\/div>\r\n            <\/div>\r\n          <\/div>\r\n        <\/div>\r\n      <\/div>\r\n    <\/div>\r\n  <\/div>\r\n  <div data-colibri-component=\"section\" data-colibri-id=\"6438-c10\" id=\"custom\" class=\"h-section h-section-global-spacing d-flex align-items-lg-center align-items-md-center align-items-center style-1375 style-local-6438-c10 position-relative\">\r\n    <!---->\r\n    <!---->\r\n    <div class=\"h-section-grid-container h-section-boxed-container\">\r\n      <!---->\r\n      <div data-colibri-id=\"6438-c11\" class=\"h-row-container gutters-row-lg-2 gutters-row-md-2 gutters-row-0 gutters-row-v-lg-2 gutters-row-v-md-2 gutters-row-v-2 style-1376 style-local-6438-c11 position-relative\">\r\n        <!---->\r\n        <div class=\"h-row justify-content-lg-center justify-content-md-center justify-content-center align-items-lg-stretch align-items-md-stretch align-items-stretch gutters-col-lg-2 gutters-col-md-2 gutters-col-0 gutters-col-v-lg-2 gutters-col-v-md-2 gutters-col-v-2\">\r\n          <!---->\r\n          <div class=\"h-column h-column-container d-flex h-col-lg-auto h-col-md-auto h-col-auto style-1378-outer style-local-6438-c14-outer\">\r\n            <div data-colibri-id=\"6438-c14\" class=\"d-flex h-flex-basis h-column__inner h-px-lg-2 h-px-md-2 h-px-2 v-inner-lg-2 v-inner-md-2 v-inner-2 style-1378 style-local-6438-c14 position-relative\">\r\n              <!---->\r\n              <!---->\r\n              <div class=\"w-100 h-y-container h-column__content h-column__v-align flex-basis-100 align-self-lg-start align-self-md-start align-self-start\">\r\n                <!---->\r\n                <div data-colibri-id=\"6438-c15\" class=\"d-block style-1381 style-local-6438-c15 position-relative h-element\">\r\n                  <!---->\r\n                  <div class=\"h-image__frame-container-outer\">\r\n                    <div class=\"h-image__frame-container\">\r\n                      <!---->\r\n                      <!---->\r\n                      <img decoding=\"async\" src=\"https:\/\/cscestran.fr\/wp-content\/uploads\/2024\/03\/cropped-103-300x300.jpg\" class=\"style-1381-image style-local-6438-c15-image\">\r\n                      <div class=\"h-image__frame h-hide-lg h-hide-md h-hide-sm style-1381-frameImage style-local-6438-c15-frameImage\"><\/div>\r\n                    <\/div>\r\n                  <\/div>\r\n                <\/div>\r\n              <\/div>\r\n            <\/div>\r\n          <\/div>\r\n          <div class=\"h-column h-column-container d-flex h-col-lg-auto h-col-md-auto h-col-auto style-1379-outer style-local-6438-c16-outer\">\r\n            <div data-colibri-id=\"6438-c16\" class=\"d-flex h-flex-basis h-column__inner h-px-lg-2 h-px-md-2 h-px-2 v-inner-lg-2 v-inner-md-2 v-inner-2 style-1379 style-local-6438-c16 position-relative\">\r\n              <!---->\r\n              <!---->\r\n              <div class=\"w-100 h-y-container h-column__content h-column__v-align flex-basis-100 align-self-lg-start align-self-md-start align-self-start\">\r\n                <!---->\r\n                <div data-colibri-id=\"6438-c17\" class=\"d-block style-1382 style-local-6438-c17 position-relative h-element\">\r\n                  <!---->\r\n                  <div class=\"h-image__frame-container-outer\">\r\n                    <div class=\"h-image__frame-container\">\r\n                      <!---->\r\n                      <!---->\r\n                      <img decoding=\"async\" src=\"https:\/\/cscestran.fr\/wp-content\/uploads\/2024\/03\/cropped-168-300x300.jpg\" class=\"style-1382-image style-local-6438-c17-image\">\r\n                      <div class=\"h-image__frame h-hide-lg h-hide-md h-hide-sm style-1382-frameImage style-local-6438-c17-frameImage\"><\/div>\r\n                    <\/div>\r\n                  <\/div>\r\n                <\/div>\r\n              <\/div>\r\n            <\/div>\r\n          <\/div>\r\n        <\/div>\r\n      <\/div>\r\n    <\/div>\r\n  <\/div>\r\n<\/div>","protected":false},"excerpt":{"rendered":"<p>Les accueils de loisirs&nbsp; Le mercredi c&rsquo;est permis : l&rsquo;\u00e9quipe du secteur enfance vous donne rendez-vous chaque mercredi (hors vacances scolaires) pour une journ\u00e9e de folie. Accueil de 09h00 \u00e0 12h00 et de 14h00 \u00e0 17h00. Restauration chaude possible de 12h00 \u00e0 14h00. (R\u00e9servation \u00e0 faire avant la veille 11h00). Possibilit\u00e9 d&rsquo;un accueil en p\u00e9ricentre [&hellip;]<\/p>\n","protected":false},"author":1,"featured_media":0,"parent":0,"menu_order":0,"comment_status":"closed","ping_status":"closed","template":"page-templates\/full-width-page.php","meta":{"footnotes":""},"class_list":["post-6438","page","type-page","status-publish","hentry"],"yoast_head":"<!-- This site is optimized with the Yoast SEO plugin v24.9 - https:\/\/yoast.com\/wordpress\/plugins\/seo\/ -->\n<title>Secteur Enfance - Centre Socio-Culturel Coeur de Ville<\/title>\n<meta name=\"robots\" content=\"index, follow, max-snippet:-1, max-image-preview:large, max-video-preview:-1\" \/>\n<link rel=\"canonical\" href=\"https:\/\/cscestran.fr\/?page_id=6438\" \/>\n<meta property=\"og:locale\" content=\"fr_FR\" \/>\n<meta property=\"og:type\" content=\"article\" \/>\n<meta property=\"og:title\" content=\"Secteur Enfance - Centre Socio-Culturel Coeur de Ville\" \/>\n<meta property=\"og:description\" content=\"Les accueils de loisirs&nbsp; Le mercredi c&rsquo;est permis : l&rsquo;\u00e9quipe du secteur enfance vous donne rendez-vous chaque mercredi (hors vacances scolaires) pour une journ\u00e9e de folie. Accueil de 09h00 \u00e0 12h00 et de 14h00 \u00e0 17h00. Restauration chaude possible de 12h00 \u00e0 14h00. (R\u00e9servation \u00e0 faire avant la veille 11h00). Possibilit\u00e9 d&rsquo;un accueil en p\u00e9ricentre [&hellip;]\" \/>\n<meta property=\"og:url\" content=\"https:\/\/cscestran.fr\/?page_id=6438\" \/>\n<meta property=\"og:site_name\" content=\"Centre Socio-Culturel Coeur de Ville\" \/>\n<meta property=\"article:modified_time\" content=\"2024-11-26T13:15:53+00:00\" \/>\n<meta property=\"og:image\" content=\"https:\/\/cscestran.fr\/wp-content\/uploads\/2024\/03\/cropped-103-300x300.jpg\" \/>\n<meta name=\"twitter:card\" content=\"summary_large_image\" \/>\n<meta name=\"twitter:label1\" content=\"Dur\u00e9e de lecture estim\u00e9e\" \/>\n\t<meta name=\"twitter:data1\" content=\"1 minute\" \/>\n<script type=\"application\/ld+json\" class=\"yoast-schema-graph\">{\"@context\":\"https:\/\/schema.org\",\"@graph\":[{\"@type\":\"WebPage\",\"@id\":\"https:\/\/cscestran.fr\/?page_id=6438\",\"url\":\"https:\/\/cscestran.fr\/?page_id=6438\",\"name\":\"Secteur Enfance - Centre Socio-Culturel Coeur de Ville\",\"isPartOf\":{\"@id\":\"https:\/\/cscestran.fr\/#website\"},\"primaryImageOfPage\":{\"@id\":\"https:\/\/cscestran.fr\/?page_id=6438#primaryimage\"},\"image\":{\"@id\":\"https:\/\/cscestran.fr\/?page_id=6438#primaryimage\"},\"thumbnailUrl\":\"https:\/\/cscestran.fr\/wp-content\/uploads\/2024\/03\/cropped-103-300x300.jpg\",\"datePublished\":\"2022-02-02T10:22:03+00:00\",\"dateModified\":\"2024-11-26T13:15:53+00:00\",\"breadcrumb\":{\"@id\":\"https:\/\/cscestran.fr\/?page_id=6438#breadcrumb\"},\"inLanguage\":\"fr-FR\",\"potentialAction\":[{\"@type\":\"ReadAction\",\"target\":[\"https:\/\/cscestran.fr\/?page_id=6438\"]}]},{\"@type\":\"ImageObject\",\"inLanguage\":\"fr-FR\",\"@id\":\"https:\/\/cscestran.fr\/?page_id=6438#primaryimage\",\"url\":\"https:\/\/cscestran.fr\/wp-content\/uploads\/2024\/03\/cropped-103.jpg\",\"contentUrl\":\"https:\/\/cscestran.fr\/wp-content\/uploads\/2024\/03\/cropped-103.jpg\",\"width\":1533,\"height\":1534},{\"@type\":\"BreadcrumbList\",\"@id\":\"https:\/\/cscestran.fr\/?page_id=6438#breadcrumb\",\"itemListElement\":[{\"@type\":\"ListItem\",\"position\":1,\"name\":\"Accueil\",\"item\":\"https:\/\/cscestran.fr\/\"},{\"@type\":\"ListItem\",\"position\":2,\"name\":\"Secteur Enfance\"}]},{\"@type\":\"WebSite\",\"@id\":\"https:\/\/cscestran.fr\/#website\",\"url\":\"https:\/\/cscestran.fr\/\",\"name\":\"Centre Socio-Culturel Coeur de Ville\",\"description\":\"\",\"publisher\":{\"@id\":\"https:\/\/cscestran.fr\/#organization\"},\"potentialAction\":[{\"@type\":\"SearchAction\",\"target\":{\"@type\":\"EntryPoint\",\"urlTemplate\":\"https:\/\/cscestran.fr\/?s={search_term_string}\"},\"query-input\":{\"@type\":\"PropertyValueSpecification\",\"valueRequired\":true,\"valueName\":\"search_term_string\"}}],\"inLanguage\":\"fr-FR\"},{\"@type\":\"Organization\",\"@id\":\"https:\/\/cscestran.fr\/#organization\",\"name\":\"Centre Socio-Culturel Coeur de Ville\",\"url\":\"https:\/\/cscestran.fr\/\",\"logo\":{\"@type\":\"ImageObject\",\"inLanguage\":\"fr-FR\",\"@id\":\"https:\/\/cscestran.fr\/#\/schema\/logo\/image\/\",\"url\":\"https:\/\/cscestran.fr\/wp-content\/uploads\/2024\/07\/cropped-logo.png\",\"contentUrl\":\"https:\/\/cscestran.fr\/wp-content\/uploads\/2024\/07\/cropped-logo.png\",\"width\":167,\"height\":167,\"caption\":\"Centre Socio-Culturel Coeur de Ville\"},\"image\":{\"@id\":\"https:\/\/cscestran.fr\/#\/schema\/logo\/image\/\"}}]}<\/script>\n<!-- \/ Yoast SEO plugin. -->","yoast_head_json":{"title":"Secteur Enfance - Centre Socio-Culturel Coeur de Ville","robots":{"index":"index","follow":"follow","max-snippet":"max-snippet:-1","max-image-preview":"max-image-preview:large","max-video-preview":"max-video-preview:-1"},"canonical":"https:\/\/cscestran.fr\/?page_id=6438","og_locale":"fr_FR","og_type":"article","og_title":"Secteur Enfance - Centre Socio-Culturel Coeur de Ville","og_description":"Les accueils de loisirs&nbsp; Le mercredi c&rsquo;est permis : l&rsquo;\u00e9quipe du secteur enfance vous donne rendez-vous chaque mercredi (hors vacances scolaires) pour une journ\u00e9e de folie. Accueil de 09h00 \u00e0 12h00 et de 14h00 \u00e0 17h00. Restauration chaude possible de 12h00 \u00e0 14h00. (R\u00e9servation \u00e0 faire avant la veille 11h00). Possibilit\u00e9 d&rsquo;un accueil en p\u00e9ricentre [&hellip;]","og_url":"https:\/\/cscestran.fr\/?page_id=6438","og_site_name":"Centre Socio-Culturel Coeur de Ville","article_modified_time":"2024-11-26T13:15:53+00:00","og_image":[{"url":"https:\/\/cscestran.fr\/wp-content\/uploads\/2024\/03\/cropped-103-300x300.jpg","type":"","width":"","height":""}],"twitter_card":"summary_large_image","twitter_misc":{"Dur\u00e9e de lecture estim\u00e9e":"1 minute"},"schema":{"@context":"https:\/\/schema.org","@graph":[{"@type":"WebPage","@id":"https:\/\/cscestran.fr\/?page_id=6438","url":"https:\/\/cscestran.fr\/?page_id=6438","name":"Secteur Enfance - Centre Socio-Culturel Coeur de Ville","isPartOf":{"@id":"https:\/\/cscestran.fr\/#website"},"primaryImageOfPage":{"@id":"https:\/\/cscestran.fr\/?page_id=6438#primaryimage"},"image":{"@id":"https:\/\/cscestran.fr\/?page_id=6438#primaryimage"},"thumbnailUrl":"https:\/\/cscestran.fr\/wp-content\/uploads\/2024\/03\/cropped-103-300x300.jpg","datePublished":"2022-02-02T10:22:03+00:00","dateModified":"2024-11-26T13:15:53+00:00","breadcrumb":{"@id":"https:\/\/cscestran.fr\/?page_id=6438#breadcrumb"},"inLanguage":"fr-FR","potentialAction":[{"@type":"ReadAction","target":["https:\/\/cscestran.fr\/?page_id=6438"]}]},{"@type":"ImageObject","inLanguage":"fr-FR","@id":"https:\/\/cscestran.fr\/?page_id=6438#primaryimage","url":"https:\/\/cscestran.fr\/wp-content\/uploads\/2024\/03\/cropped-103.jpg","contentUrl":"https:\/\/cscestran.fr\/wp-content\/uploads\/2024\/03\/cropped-103.jpg","width":1533,"height":1534},{"@type":"BreadcrumbList","@id":"https:\/\/cscestran.fr\/?page_id=6438#breadcrumb","itemListElement":[{"@type":"ListItem","position":1,"name":"Accueil","item":"https:\/\/cscestran.fr\/"},{"@type":"ListItem","position":2,"name":"Secteur Enfance"}]},{"@type":"WebSite","@id":"https:\/\/cscestran.fr\/#website","url":"https:\/\/cscestran.fr\/","name":"Centre Socio-Culturel Coeur de Ville","description":"","publisher":{"@id":"https:\/\/cscestran.fr\/#organization"},"potentialAction":[{"@type":"SearchAction","target":{"@type":"EntryPoint","urlTemplate":"https:\/\/cscestran.fr\/?s={search_term_string}"},"query-input":{"@type":"PropertyValueSpecification","valueRequired":true,"valueName":"search_term_string"}}],"inLanguage":"fr-FR"},{"@type":"Organization","@id":"https:\/\/cscestran.fr\/#organization","name":"Centre Socio-Culturel Coeur de Ville","url":"https:\/\/cscestran.fr\/","logo":{"@type":"ImageObject","inLanguage":"fr-FR","@id":"https:\/\/cscestran.fr\/#\/schema\/logo\/image\/","url":"https:\/\/cscestran.fr\/wp-content\/uploads\/2024\/07\/cropped-logo.png","contentUrl":"https:\/\/cscestran.fr\/wp-content\/uploads\/2024\/07\/cropped-logo.png","width":167,"height":167,"caption":"Centre Socio-Culturel Coeur de Ville"},"image":{"@id":"https:\/\/cscestran.fr\/#\/schema\/logo\/image\/"}}]}},"jetpack_likes_enabled":true,"jetpack_sharing_enabled":true,"_links":{"self":[{"href":"https:\/\/cscestran.fr\/index.php?rest_route=\/wp\/v2\/pages\/6438","targetHints":{"allow":["GET"]}}],"collection":[{"href":"https:\/\/cscestran.fr\/index.php?rest_route=\/wp\/v2\/pages"}],"about":[{"href":"https:\/\/cscestran.fr\/index.php?rest_route=\/wp\/v2\/types\/page"}],"author":[{"embeddable":true,"href":"https:\/\/cscestran.fr\/index.php?rest_route=\/wp\/v2\/users\/1"}],"replies":[{"embeddable":true,"href":"https:\/\/cscestran.fr\/index.php?rest_route=%2Fwp%2Fv2%2Fcomments&post=6438"}],"version-history":[{"count":14,"href":"https:\/\/cscestran.fr\/index.php?rest_route=\/wp\/v2\/pages\/6438\/revisions"}],"predecessor-version":[{"id":8839,"href":"https:\/\/cscestran.fr\/index.php?rest_route=\/wp\/v2\/pages\/6438\/revisions\/8839"}],"wp:attachment":[{"href":"https:\/\/cscestran.fr\/index.php?rest_route=%2Fwp%2Fv2%2Fmedia&parent=6438"}],"curies":[{"name":"wp","href":"https:\/\/api.w.org\/{rel}","templated":true}]}}