{"id":8523,"date":"2024-03-18T09:53:37","date_gmt":"2024-03-18T09:53:37","guid":{"rendered":"https:\/\/cscestran.fr\/?page_id=8523"},"modified":"2025-03-21T10:42:27","modified_gmt":"2025-03-21T10:42:27","slug":"telechargements","status":"publish","type":"page","link":"https:\/\/cscestran.fr\/?page_id=8523","title":{"rendered":"Adh\u00e9sion"},"content":{"rendered":"\n<p>La carte annuelle d&rsquo;adh\u00e9sion familiale ( de janvier \u00e0 d\u00e9cembre ) est de 15\u20ac<\/p>\n\n\n\n<p>L&rsquo;adh\u00e9sion individuelle est de 10\u20ac<\/p>\n\n\n\n<p>L&rsquo;adh\u00e9sion pour les associations est de 50\u20ac<\/p>\n\n\n\n<div class=\"wp-block-columns is-layout-flex wp-container-core-columns-is-layout-9d6595d7 wp-block-columns-is-layout-flex\">\n<div class=\"wp-block-column is-layout-flow wp-block-column-is-layout-flow\">\n<h2 class=\"wp-block-heading\">Inscriptions<\/h2>\n\n\n\n<h2 class=\"wp-block-heading\"> Secteur Enfance  <\/h2>\n\n\n\n<p><a href=\"https:\/\/cscestran.fr\/wp-content\/uploads\/2024\/03\/LISTE-DES-PIECES-A-FOURNIR-1_page-0001.jpg\" target=\"_blank\" rel=\"noreferrer noopener\">Liste des pi\u00e8ces \u00e0 fournir <\/a><\/p>\n\n\n\n<p><a href=\"https:\/\/cscestran.fr\/wp-content\/uploads\/2024\/03\/fiche-sanitaire-de-liaison-ENFANCE-ADOS.pdf\">Fiche Sanitaire <\/a><\/p>\n<\/div>\n\n\n\n<div class=\"wp-block-column is-layout-flow wp-block-column-is-layout-flow\">\n<h2 class=\"wp-block-heading\">Inscriptions<\/h2>\n\n\n\n<h2 class=\"wp-block-heading\"> Secteur Jeunesse<\/h2>\n\n\n\n<p><a href=\"https:\/\/cscestran.fr\/wp-content\/uploads\/2024\/03\/liste-pieces-a-fournir-ADOS-1_page-0001-1.jpg\" target=\"_blank\" rel=\"noreferrer noopener\">Liste des pi\u00e8ces \u00e0 fournir<\/a><\/p>\n\n\n\n<p><a href=\"https:\/\/cscestran.fr\/wp-content\/uploads\/2024\/03\/fiche-sanitaire-de-liaison-ENFANCE-ADOS.pdf\">Fiche Sanitaire<\/a><\/p>\n<\/div>\n\n\n\n<div class=\"wp-block-column is-layout-flow wp-block-column-is-layout-flow\">\n<h2 class=\"wp-block-heading\"><\/h2>\n<\/div>\n<\/div>\n\n\n\n<div class=\"wp-block-columns is-layout-flex wp-container-core-columns-is-layout-9d6595d7 wp-block-columns-is-layout-flex\">\n<div class=\"wp-block-column is-layout-flow wp-block-column-is-layout-flow\">\n<h2 class=\"wp-block-heading\">Fiche d&rsquo;Adh\u00e9sion<\/h2>\n\n\n\n<p>(obligatoire pour toutes inscriptions adultes \/ familles )<\/p>\n\n\n\n<p><a href=\"https:\/\/cscestran.fr\/wp-content\/uploads\/2024\/03\/FICHE-RENSEIGNEMENTS-RECTO-VERSO-INDIVIDUEL.pdf\">Fiche individuelle<\/a> <\/p>\n\n\n\n<p><a href=\"https:\/\/cscestran.fr\/wp-content\/uploads\/2024\/03\/FICHE-RENSEIGNEMENTS-ADH-FAMILLES.pdf\">Fiche famille<\/a><\/p>\n<\/div>\n\n\n\n<div class=\"wp-block-column is-layout-flow wp-block-column-is-layout-flow\">\n<h2 class=\"wp-block-heading\">Inscriptions<\/h2>\n\n\n\n<h2 class=\"wp-block-heading\">Multi Accueil<\/h2>\n\n\n\n<p><a href=\"https:\/\/cscestran.fr\/wp-content\/uploads\/2024\/04\/Projet-social-Multi-accueil-MAJ-2024-Version-a-jour.pdf\">Projet social Multi-Accueil<\/a><\/p>\n\n\n\n<p><a href=\"https:\/\/cscestran.fr\/wp-content\/uploads\/2024\/04\/Fiche-de-demande-de-pre-inscription.pdf\">Fiche de demande de pr\u00e9inscription<\/a><\/p>\n\n\n\n<p><\/p>\n<\/div>\n<\/div>\n","protected":false},"excerpt":{"rendered":"<p>La carte annuelle d&rsquo;adh\u00e9sion familiale ( de janvier \u00e0 d\u00e9cembre ) est de 15\u20ac L&rsquo;adh\u00e9sion individuelle est de 10\u20ac L&rsquo;adh\u00e9sion pour les associations est de 50\u20ac Inscriptions Secteur Enfance Liste des pi\u00e8ces \u00e0 fournir Fiche Sanitaire Inscriptions Secteur Jeunesse Liste des pi\u00e8ces \u00e0 fournir Fiche Sanitaire Fiche d&rsquo;Adh\u00e9sion (obligatoire pour toutes inscriptions adultes \/ familles [&hellip;]<\/p>\n","protected":false},"author":1,"featured_media":0,"parent":0,"menu_order":0,"comment_status":"closed","ping_status":"closed","template":"","meta":{"footnotes":""},"class_list":["post-8523","page","type-page","status-publish","hentry"],"yoast_head":"<!-- This site is optimized with the Yoast SEO plugin v24.9 - https:\/\/yoast.com\/wordpress\/plugins\/seo\/ -->\n<title>Adh\u00e9sion - Centre Socio-Culturel Coeur de Ville<\/title>\n<meta name=\"robots\" content=\"index, follow, max-snippet:-1, max-image-preview:large, max-video-preview:-1\" \/>\n<link rel=\"canonical\" href=\"https:\/\/cscestran.fr\/?page_id=8523\" \/>\n<meta property=\"og:locale\" content=\"fr_FR\" \/>\n<meta property=\"og:type\" content=\"article\" \/>\n<meta property=\"og:title\" content=\"Adh\u00e9sion - Centre Socio-Culturel Coeur de Ville\" \/>\n<meta property=\"og:description\" content=\"La carte annuelle d&rsquo;adh\u00e9sion familiale ( de janvier \u00e0 d\u00e9cembre ) est de 15\u20ac L&rsquo;adh\u00e9sion individuelle est de 10\u20ac L&rsquo;adh\u00e9sion pour les associations est de 50\u20ac Inscriptions Secteur Enfance Liste des pi\u00e8ces \u00e0 fournir Fiche Sanitaire Inscriptions Secteur Jeunesse Liste des pi\u00e8ces \u00e0 fournir Fiche Sanitaire Fiche d&rsquo;Adh\u00e9sion (obligatoire pour toutes inscriptions adultes \/ familles [&hellip;]\" \/>\n<meta property=\"og:url\" content=\"https:\/\/cscestran.fr\/?page_id=8523\" \/>\n<meta property=\"og:site_name\" content=\"Centre Socio-Culturel Coeur de Ville\" \/>\n<meta property=\"article:modified_time\" content=\"2025-03-21T10:42:27+00:00\" \/>\n<meta name=\"twitter:card\" content=\"summary_large_image\" \/>\n<meta name=\"twitter:label1\" content=\"Dur\u00e9e de lecture estim\u00e9e\" \/>\n\t<meta name=\"twitter:data1\" content=\"1 minute\" \/>\n<script type=\"application\/ld+json\" class=\"yoast-schema-graph\">{\"@context\":\"https:\/\/schema.org\",\"@graph\":[{\"@type\":\"WebPage\",\"@id\":\"https:\/\/cscestran.fr\/?page_id=8523\",\"url\":\"https:\/\/cscestran.fr\/?page_id=8523\",\"name\":\"Adh\u00e9sion - Centre Socio-Culturel Coeur de Ville\",\"isPartOf\":{\"@id\":\"https:\/\/cscestran.fr\/#website\"},\"datePublished\":\"2024-03-18T09:53:37+00:00\",\"dateModified\":\"2025-03-21T10:42:27+00:00\",\"breadcrumb\":{\"@id\":\"https:\/\/cscestran.fr\/?page_id=8523#breadcrumb\"},\"inLanguage\":\"fr-FR\",\"potentialAction\":[{\"@type\":\"ReadAction\",\"target\":[\"https:\/\/cscestran.fr\/?page_id=8523\"]}]},{\"@type\":\"BreadcrumbList\",\"@id\":\"https:\/\/cscestran.fr\/?page_id=8523#breadcrumb\",\"itemListElement\":[{\"@type\":\"ListItem\",\"position\":1,\"name\":\"Accueil\",\"item\":\"https:\/\/cscestran.fr\/\"},{\"@type\":\"ListItem\",\"position\":2,\"name\":\"Adh\u00e9sion\"}]},{\"@type\":\"WebSite\",\"@id\":\"https:\/\/cscestran.fr\/#website\",\"url\":\"https:\/\/cscestran.fr\/\",\"name\":\"Centre Socio-Culturel Coeur de Ville\",\"description\":\"\",\"publisher\":{\"@id\":\"https:\/\/cscestran.fr\/#organization\"},\"potentialAction\":[{\"@type\":\"SearchAction\",\"target\":{\"@type\":\"EntryPoint\",\"urlTemplate\":\"https:\/\/cscestran.fr\/?s={search_term_string}\"},\"query-input\":{\"@type\":\"PropertyValueSpecification\",\"valueRequired\":true,\"valueName\":\"search_term_string\"}}],\"inLanguage\":\"fr-FR\"},{\"@type\":\"Organization\",\"@id\":\"https:\/\/cscestran.fr\/#organization\",\"name\":\"Centre Socio-Culturel Coeur de Ville\",\"url\":\"https:\/\/cscestran.fr\/\",\"logo\":{\"@type\":\"ImageObject\",\"inLanguage\":\"fr-FR\",\"@id\":\"https:\/\/cscestran.fr\/#\/schema\/logo\/image\/\",\"url\":\"https:\/\/cscestran.fr\/wp-content\/uploads\/2024\/07\/cropped-logo.png\",\"contentUrl\":\"https:\/\/cscestran.fr\/wp-content\/uploads\/2024\/07\/cropped-logo.png\",\"width\":167,\"height\":167,\"caption\":\"Centre Socio-Culturel Coeur de Ville\"},\"image\":{\"@id\":\"https:\/\/cscestran.fr\/#\/schema\/logo\/image\/\"}}]}<\/script>\n<!-- \/ Yoast SEO plugin. -->","yoast_head_json":{"title":"Adh\u00e9sion - Centre Socio-Culturel Coeur de Ville","robots":{"index":"index","follow":"follow","max-snippet":"max-snippet:-1","max-image-preview":"max-image-preview:large","max-video-preview":"max-video-preview:-1"},"canonical":"https:\/\/cscestran.fr\/?page_id=8523","og_locale":"fr_FR","og_type":"article","og_title":"Adh\u00e9sion - Centre Socio-Culturel Coeur de Ville","og_description":"La carte annuelle d&rsquo;adh\u00e9sion familiale ( de janvier \u00e0 d\u00e9cembre ) est de 15\u20ac L&rsquo;adh\u00e9sion individuelle est de 10\u20ac L&rsquo;adh\u00e9sion pour les associations est de 50\u20ac Inscriptions Secteur Enfance Liste des pi\u00e8ces \u00e0 fournir Fiche Sanitaire Inscriptions Secteur Jeunesse Liste des pi\u00e8ces \u00e0 fournir Fiche Sanitaire Fiche d&rsquo;Adh\u00e9sion (obligatoire pour toutes inscriptions adultes \/ familles [&hellip;]","og_url":"https:\/\/cscestran.fr\/?page_id=8523","og_site_name":"Centre Socio-Culturel Coeur de Ville","article_modified_time":"2025-03-21T10:42:27+00:00","twitter_card":"summary_large_image","twitter_misc":{"Dur\u00e9e de lecture estim\u00e9e":"1 minute"},"schema":{"@context":"https:\/\/schema.org","@graph":[{"@type":"WebPage","@id":"https:\/\/cscestran.fr\/?page_id=8523","url":"https:\/\/cscestran.fr\/?page_id=8523","name":"Adh\u00e9sion - Centre Socio-Culturel Coeur de Ville","isPartOf":{"@id":"https:\/\/cscestran.fr\/#website"},"datePublished":"2024-03-18T09:53:37+00:00","dateModified":"2025-03-21T10:42:27+00:00","breadcrumb":{"@id":"https:\/\/cscestran.fr\/?page_id=8523#breadcrumb"},"inLanguage":"fr-FR","potentialAction":[{"@type":"ReadAction","target":["https:\/\/cscestran.fr\/?page_id=8523"]}]},{"@type":"BreadcrumbList","@id":"https:\/\/cscestran.fr\/?page_id=8523#breadcrumb","itemListElement":[{"@type":"ListItem","position":1,"name":"Accueil","item":"https:\/\/cscestran.fr\/"},{"@type":"ListItem","position":2,"name":"Adh\u00e9sion"}]},{"@type":"WebSite","@id":"https:\/\/cscestran.fr\/#website","url":"https:\/\/cscestran.fr\/","name":"Centre Socio-Culturel Coeur de Ville","description":"","publisher":{"@id":"https:\/\/cscestran.fr\/#organization"},"potentialAction":[{"@type":"SearchAction","target":{"@type":"EntryPoint","urlTemplate":"https:\/\/cscestran.fr\/?s={search_term_string}"},"query-input":{"@type":"PropertyValueSpecification","valueRequired":true,"valueName":"search_term_string"}}],"inLanguage":"fr-FR"},{"@type":"Organization","@id":"https:\/\/cscestran.fr\/#organization","name":"Centre Socio-Culturel Coeur de Ville","url":"https:\/\/cscestran.fr\/","logo":{"@type":"ImageObject","inLanguage":"fr-FR","@id":"https:\/\/cscestran.fr\/#\/schema\/logo\/image\/","url":"https:\/\/cscestran.fr\/wp-content\/uploads\/2024\/07\/cropped-logo.png","contentUrl":"https:\/\/cscestran.fr\/wp-content\/uploads\/2024\/07\/cropped-logo.png","width":167,"height":167,"caption":"Centre Socio-Culturel Coeur de Ville"},"image":{"@id":"https:\/\/cscestran.fr\/#\/schema\/logo\/image\/"}}]}},"jetpack_likes_enabled":true,"jetpack_sharing_enabled":true,"_links":{"self":[{"href":"https:\/\/cscestran.fr\/index.php?rest_route=\/wp\/v2\/pages\/8523","targetHints":{"allow":["GET"]}}],"collection":[{"href":"https:\/\/cscestran.fr\/index.php?rest_route=\/wp\/v2\/pages"}],"about":[{"href":"https:\/\/cscestran.fr\/index.php?rest_route=\/wp\/v2\/types\/page"}],"author":[{"embeddable":true,"href":"https:\/\/cscestran.fr\/index.php?rest_route=\/wp\/v2\/users\/1"}],"replies":[{"embeddable":true,"href":"https:\/\/cscestran.fr\/index.php?rest_route=%2Fwp%2Fv2%2Fcomments&post=8523"}],"version-history":[{"count":39,"href":"https:\/\/cscestran.fr\/index.php?rest_route=\/wp\/v2\/pages\/8523\/revisions"}],"predecessor-version":[{"id":8916,"href":"https:\/\/cscestran.fr\/index.php?rest_route=\/wp\/v2\/pages\/8523\/revisions\/8916"}],"wp:attachment":[{"href":"https:\/\/cscestran.fr\/index.php?rest_route=%2Fwp%2Fv2%2Fmedia&parent=8523"}],"curies":[{"name":"wp","href":"https:\/\/api.w.org\/{rel}","templated":true}]}}